{"id":98,"date":"2023-06-04T19:43:05","date_gmt":"2023-06-04T19:43:05","guid":{"rendered":"https:\/\/homepage-neu.racingteam-hofmann.de\/?page_id=98"},"modified":"2025-06-17T07:28:00","modified_gmt":"2025-06-17T07:28:00","slug":"datenschutz","status":"publish","type":"page","link":"https:\/\/racingteam-hofmann.de\/en\/datenschutz\/","title":{"rendered":"privacy policy"},"content":{"rendered":"<div data-elementor-type=\"wp-page\" data-elementor-id=\"98\" class=\"elementor elementor-98\">\n\t\t\t\t<div class=\"elementor-element elementor-element-245c27d e-flex e-con-boxed e-con e-parent\" data-id=\"245c27d\" data-element_type=\"container\" data-e-type=\"container\">\n\t\t\t\t\t<div class=\"e-con-inner\">\n\t\t\t\t<div class=\"elementor-element elementor-element-065021d elementor-widget elementor-widget-text-editor\" data-id=\"065021d\" data-element_type=\"widget\" data-e-type=\"widget\" data-widget_type=\"text-editor.default\">\n\t\t\t\t<div class=\"elementor-widget-container\">\n\t\t\t\t\t\t\t\t\t<div><b><span class=\"fs13 cf1\">1. Datenschutz auf einen Blick<\/span><\/b><\/div><div><b class=\"cf1\">\u00a0<\/b><\/div><div>\u00a0<\/div><div><b><span class=\"fs13 cf1\">Allgemeine Hinweise<\/span><\/b><\/div><div>\u00a0<\/div><div><span class=\"fs13 cf1\">Die folgenden Hinweise geben einen einfachen \u00dcberblick dar\u00fcber, was mit Ihren personenbezogenen Daten passiert, wenn Sie unsere Website besuchen. Personenbezogene Daten sind alle Daten, mit denen Sie pers\u00f6nlich identifiziert werden k\u00f6nnen. Ausf\u00fchrliche Informationen zum Thema Datenschutz entnehmen Sie unserer unter diesem Text aufgef\u00fchrten Datenschutzerkl\u00e4rung.<\/span><\/div><div>\u00a0<\/div><div>\u00a0<\/div><div><b><span class=\"fs13 cf1\">Datenerfassung auf unserer Website<\/span><\/b><\/div><div><b class=\"cf1\">\u00a0<\/b><\/div><div>\u00a0<\/div><div><b><span class=\"fs13 cf1\">Wer ist verantwortlich f\u00fcr die Datenerfassung dieser Website?<\/span><\/b><\/div><div>\u00a0<\/div><div><span class=\"fs13 cf1\">Die Datenerfassung dieser Website erfolgt durch den Websitebetreiber. Dessen Kontaktdaten k\u00f6nnen Sie dem Impressum dieser Website entnehmen.<\/span><\/div><div>\u00a0<\/div><div>\u00a0<\/div><div><b><span class=\"fs13 cf1\">Wie erfassen wir Ihre Daten?<\/span><\/b><\/div><div>\u00a0<\/div><div><span class=\"fs13 cf1\">Ihre Daten werden zum einen dadurch erhoben, dass Sie uns diese mitteilen. Hierbei kann es sich z.B. um Daten handeln, die Sie in ein Kontaktformular eingeben.<\/span><\/div><div>\u00a0<\/div><div><span class=\"fs13 cf1\">Andere Daten werden automatisch beim Besuch der Website durch unsere IT-Systeme erfasst. Das sind vor allem technische Daten (z.B. Internetbrowser, Betriebssystem oder Uhrzeit des Seitenaufrufs). Die Erfassung dieser Dateien erfolgt automatisch, sobald Sie unsere Website betreten.<\/span><\/div><div>\u00a0<\/div><div>\u00a0<\/div><div><b><span class=\"fs13 cf1\">Wof\u00fcr nutzen wir Ihre Daten?<\/span><\/b><\/div><div>\u00a0<\/div><div><span class=\"fs13 cf1\">Ein Teil der Daten wird erhoben, um eine fehlerfreie Bereitstellung der Website zu gew\u00e4hrleisten. Andere Daten k\u00f6nnen zur Analyse Ihres Nutzerverhaltens verwendet werden.<\/span><\/div><div>\u00a0<\/div><div>\u00a0<\/div><div><b><span class=\"fs13 cf1\">Welche Rechte haben Sie bez\u00fcglich Ihrer Daten?<\/span><\/b><\/div><div>\u00a0<\/div><div><span class=\"fs13 cf1\">Sie haben jederzeit das Recht unentgeltlich Auskunft \u00fcber Herkunft, Empf\u00e4nger und Zweck Ihrer gespeicherten personenbezogenen Daten zu erhalten. Sie haben au\u00dferdem das Recht, die Berichtigung, Sperrung oder L\u00f6schung dieser Daten zu verlangen. Hierzu sowie zu weiteren Fragen zum Thema Datenschutz k\u00f6nnen Sie sich jederzeit unter dem im Impressum angegebenen Adresse an uns wenden. Desweiteren steht Ihnen ein Beschwerderecht bei der zust\u00e4ndigen Aufsichtsbeh\u00f6rde zu.<\/span><\/div><div>\u00a0<\/div><div>\u00a0<\/div><div><b><span class=\"fs13 cf1\">Allgemeine Hinweise und Pflichtinformationen<\/span><\/b><\/div><div><b class=\"cf1\">\u00a0<\/b><\/div><div>\u00a0<\/div><div><b><span class=\"fs13 cf1\">privacy policy<\/span><\/b><\/div><div>\u00a0<\/div><div><span class=\"fs13 cf1\">Die Betreiber dieser Seiten nehmen den Schutz Ihrer pers\u00f6nlichen Daten sehr ernst. Wir behandeln Ihre personenbezogenen Daten vertraulich und entsprechend der gesetzlichen Datenschutzvorschriften sowie dieser Datenschutzerkl\u00e4rung.<\/span><\/div><div>\u00a0<\/div><div><span class=\"fs13 cf1\">Wenn Sie diese Website benutzen, werden verschiedene personenbezogene Daten erhoben. Personenbezogene Daten sind Daten, mit denen Sie pers\u00f6nlich identifiziert werden k\u00f6nnen. Die vorliegende Datenschutzerkl\u00e4rung erl\u00e4utert, welche Daten wir erheben und wof\u00fcr wir sie nutzen. Sie erl\u00e4utert auch, wie und zu welchem Zweck das geschieht.<\/span><\/div><div>\u00a0<\/div><div><span class=\"fs13 cf1\">Wir weisen darauf hin, dass die Daten\u00fcbertragung im Internet (z.B. bei der Kommunikation per Email) Sicherheitsl\u00fccken aufweisen kann. Ein l\u00fcckenloser Schutz der Daten vor dem Zugriff durch Dritte ist nicht m\u00f6glich.<\/span><\/div><div>\u00a0<\/div><div>\u00a0<\/div><div><b><span class=\"fs13 cf1\">Hinweis zur verantwortlichen Stelle<\/span><\/b><\/div><div>\u00a0<\/div><div><span class=\"fs13 cf1\">Die verantwortliche Stelle f\u00fcr die Datenverarbeitung auf dieser Website ist:<\/span><\/div><div>\u00a0<\/div><div>\u00a0<\/div><div><span class=\"fs13 cf1\">Inh. Peter Hofmann<\/span><\/div><div>\u00a0<\/div><div><span class=\"cf1\"><span class=\"fs13\">Reichswaldstr. 6<\/span><br \/><span class=\"fs13\"> 91227 Leinburg-Diepersdorf<\/span><\/span><\/div><div>\u00a0<\/div><div><span class=\"cf1\"><span class=\"fs13\">Telefon 09120-181795<\/span><br \/><span class=\"fs13\"> info@racingteam-hofmann.de<\/span><\/span><\/div><div>\u00a0<\/div><div>\u00a0<\/div><div><span class=\"fs13 cf1\">Verantwortliche Stelle ist die nat\u00fcrliche und juristische Person, die allein oder gemeinsam mit anderen \u00fcber die Zwecke und Mittel der Verarbeitung von personenbezogenen Daten (z.B. Namen, Email-Adressen o.\u00e4.) entscheidet.<\/span><\/div><div>\u00a0<\/div><div>\u00a0<\/div><div><b><span class=\"fs13 cf1\">Widerruf Ihrer Einwilligung der Datenverarbeitung<\/span><\/b><\/div><div>\u00a0<\/div><div><span class=\"fs13 cf1\">Viele Datenverarbeitungsvorg\u00e4nge sind nur mit Ihrer ausdr\u00fccklichen Einwilligung m\u00f6glich. Sie k\u00f6nnen eine bereits erteilte Einwilligung jederzeit widerrufen. Dazu reicht eine formlose Mitteilung per E-Mail an uns. Die Rechtm\u00e4\u00dfigkeit der bis zum Widerruf erfolgten Datenverarbeitung bleibt vom Widerruf unber\u00fchrt.<\/span><\/div><div>\u00a0<\/div><div>\u00a0<\/div><div><b><span class=\"fs13 cf1\">Beschwerderecht bei der zust\u00e4ndigen Aufsichtsbeh\u00f6rde<\/span><\/b><\/div><div>\u00a0<\/div><div><span class=\"fs13 cf1\">Im Falle datenschutzrechtlicher Verst\u00f6\u00dfe steht dem Betroffenen ein Beschwerderecht bei der zust\u00e4ndigen Aufsichtsbeh\u00f6rde zu. Zust\u00e4ndige Aufsichtsbeh\u00f6rde in datenschutzrechtlichen Fragen ist der Landesdatenschutzbeauftragte des Bundeslandes, in dem unser Unternehmen seinen Sitz hat. Eine Liste der Datenschutzbeauftragten sowie deren Kontaktdaten k\u00f6nnen folgendem Link entnommen werden: http:\/\/www.bfdi.bund.de\/DE\/Infothek\/Anschriften_Links\/anschriften_links.node.html.<\/span><\/div><div>\u00a0<\/div><div>\u00a0<\/div><div><b><span class=\"fs13 cf1\">Recht auf Daten\u00fcbertragbarkeit<\/span><\/b><\/div><div>\u00a0<\/div><div><span class=\"fs13 cf1\">Sie haben das Recht, Daten, die wir auf Grundlage Ihrer Einwilligung oder in Erf\u00fcllung eines Vertrags automatisiert verarbeiten, an sich oder an einen Dritten in einem g\u00e4ngigen, maschinenlesbaren Format aush\u00e4ndigen zu lassen. Sofern Sie die direkte \u00dcbertragung der Daten an einen anderen Verantwortlichen verlangen, erfolgt dies nur, soweit es technisch machbar ist.<\/span><\/div><div>\u00a0<\/div><div>\u00a0<\/div><div><b><span class=\"fs13 cf1\">Auskunft, Sperrung, L\u00f6schung<\/span><\/b><\/div><div>\u00a0<\/div><div><span class=\"fs13 cf1\">Sie haben im Rahmen der geltenden gesetzlichen Bestimmungen jederzeit das Recht auf unentgeltliche Auskunft \u00fcber Ihre gespeicherten personenbezogenen Daten, deren Herkunft und Empf\u00e4nger und den Zweck der Datenverarbeitung und ggf. ein Recht auf Berichtigung, Sperrung oder L\u00f6schung dieser Daten. Hierzu sowie zu weiteren Fragen zum Thema personenbezogene Daten k\u00f6nnen Sie sich jederzeit unter der im Impressum angegebenen Adresse an uns wenden.<\/span><\/div><div>\u00a0<\/div><div>\u00a0<\/div><div><b><span class=\"fs13 cf1\">Widerspruch gegen Werbe-Mails<\/span><\/b><\/div><div>\u00a0<\/div><div><span class=\"fs13 cf1\">Der Nutzung von im Rahmen der Impressumspflicht ver\u00f6ffentlichten Kontaktdaten zur \u00dcbersendung von nicht ausdr\u00fccklich angeforderter Werbung und Informationsmaterialien wird hiermit widersprochen. Die Betreiber der Seiten behalten sich ausdr\u00fccklich rechtliche Schritte im Falle der unverlangten Zusendung von Werbeinformationen, etwa durch Spam-E-Mails, vor.<\/span><\/div><div>\u00a0<\/div><div>\u00a0<\/div><div>\u00a0<\/div><div><b><span class=\"fs13 cf1\">3. Datenerfassung auf unserer Website<\/span><\/b><\/div><div><b class=\"cf1\">\u00a0<\/b><\/div><div>\u00a0<\/div><div><b><span class=\"fs13 cf1\">Cookies<\/span><\/b><\/div><div>\u00a0<\/div><div><span class=\"fs13 cf1\">Die Internetseiten verwenden teilweise so genannte Cookies. Cookies richten auf Ihrem Rechner keinen Schaden an und enthalten keine Viren. Cookies dienen dazu, unser Angebot nutzerfreundlicher, effektiver und sicherer zu machen. Cookies sind kleine Textdateien, die auf Ihrem Rechner abgelegt werden und die Ihr Browser speichert.<\/span><\/div><div>\u00a0<\/div><div><span class=\"fs13 cf1\">Die meisten der von uns verwendeten Cookies sind so genannte \u201eSession-Cookies\u201c. Sie werden nach Ende Ihres Besuchs automatisch gel\u00f6scht. Andere Cookies bleiben auf Ihrem Endger\u00e4t gespeichert, bis Sie diese l\u00f6schen. Diese Cookies erm\u00f6glichen es uns, Ihren Browser beim n\u00e4chsten Besuch wiederzuerkennen.<\/span><\/div><div>\u00a0<\/div><div><span class=\"fs13 cf1\">Sie k\u00f6nnen Ihren Browser so einstellen, dass Sie \u00fcber das Setzen von Cookies informiert werden und Cookies nur im Einzelfall erlauben, die Annahme von Cookies f\u00fcr bestimmte F\u00e4lle oder generell ausschlie\u00dfen sowie das automatische L\u00f6schen der Cookies beim Schlie\u00dfen des Browsers aktivieren. Bei der Deaktivierung von Cookies kann die Funktionalit\u00e4t dieser Website eingeschr\u00e4nkt sein.<\/span><\/div><div>\u00a0<\/div><div><span class=\"fs13 cf1\">Cookies, die zur Durchf\u00fchrung des elektronischen Kommunikationsvorgangs oder zur Bereitstellung bestimmter, von Ihnen erw\u00fcnschter Funktionen (z.B. Warenkorbfunktion) erforderlich sind, werden auf Grundlage von Art. 6 Abs. 1 lit. f DSGVO gespeichert. Der Websitebetreiber hat ein berechtigtes Interesse an der Speicherung von Cookies zur technisch fehlerfreien und optimierten Bereitstellung seiner Dienste. Soweit andere Cookies (z.B. Cookies zur Analyse Ihres Surfverhaltens) gespeichert werden, werden diese in dieser Datenschutzerkl\u00e4rung gesondert behandelt.<\/span><\/div><div>\u00a0<\/div><div>\u00a0<\/div><div>\u00a0<\/div><div><b><span class=\"fs13 cf1\">Server-Log-Dateien<\/span><\/b><\/div><div>\u00a0<\/div><div><span class=\"fs13 cf1\">Der Provider der Seiten erhebt und speichert automatisch Informationen in so genannten Server-Log Files, die Ihr Browser automatisch an uns \u00fcbermittelt. Dies sind:<\/span><\/div><div>\u00a0<ul type=\"disc\">\u00a0<li><span class=\"fs13 cf1\">Browsertyp\/ \u00a0\u00a0\u00a0\u00a0\u00a0Browserversion<\/span><\/li>\u00a0<li><span class=\"fs13 cf1\">verwendetes \u00a0\u00a0\u00a0\u00a0\u00a0Betriebssystem<\/span><\/li>\u00a0<li><span class=\"fs13 cf1\">Referrer \u00a0\u00a0\u00a0\u00a0\u00a0URL<\/span><\/li>\u00a0<li><span class=\"fs13 cf1\">Hostname \u00a0\u00a0\u00a0\u00a0\u00a0des zugreifenden Rechners<\/span><\/li>\u00a0<li><span class=\"fs13 cf1\">Uhrzeit \u00a0\u00a0\u00a0\u00a0\u00a0der Serveranfrage<\/span><\/li>\u00a0<li><span class=\"fs13 cf1\">IP-Adresse<\/span><\/li><\/ul>\u00a0<\/div><div><span class=\"fs13 cf1\">Eine Zusammenf\u00fchrung dieser Daten mit anderen Datenquellen wird nicht vorgenommen.<\/span><\/div><div>\u00a0<\/div><div><span class=\"fs13 cf1\">Grundlage f\u00fcr die Datenverarbeitung ist Art. 6 Abs. 1 lit. f DSGVO, der die Verarbeitung von Daten zur Erf\u00fcllung eines Vertrags oder vorvertraglicher Ma\u00dfnahmen gestattet.<\/span><\/div><div>\u00a0<\/div><div>\u00a0<\/div><div>\u00a0<\/div><div><b><span class=\"fs13 cf1\">Datenschutzerkl\u00e4rung f\u00fcr die Nutzung von Google Analytics<\/span><\/b><\/div><div>\u00a0<\/div><div><span class=\"cf1\"><span class=\"fs13\">Diese Website nutzt Funktionen des <\/span><span class=\"fs13\">Webanalysedienstes Google Analytics. <\/span><span class=\"fs13\">Anbieter ist die Google Inc. <\/span><span class=\"fs13\">1600 Amphitheatre Parkway<\/span> <span class=\"fs13\">Mountain \u00a0\u00a0View<\/span><span class=\"fs13\">, <\/span><span class=\"fs13\">CA<\/span> <span class=\"fs13\">94043<\/span><span class=\"fs13\">, \u00a0<\/span><span class=\"fs13\">USA<\/span><span class=\"fs13\">. <\/span><span class=\"fs13\">Google Analytics verwendet sog. &#8222;Cookies&#8220;. Das sind Textdateien, die auf Ihrem Computer gespeichert werden und die eine Analyse der Benutzung der Website durch Sie erm\u00f6glichen. Die durch den Cookie erzeugten Informationen \u00fcber Ihre Benutzung dieser Website werden in der Regel an einen Server von Google in den USA \u00fcbertragen und dort gespeichert.<\/span><\/span><\/div><div>\u00a0<\/div><div><span class=\"fs13 cf1\">Im Falle der Aktivierung der IP-Anonymisierung auf dieser Webseite wird Ihre IP-Adresse von Google jedoch innerhalb von Mitgliedstaaten der Europ\u00e4ischen Union oder in anderen Vertragsstaaten des Abkommens \u00fcber den Europ\u00e4ischen Wirtschaftsraum zuvor gek\u00fcrzt. Nur in Ausnahmef\u00e4llen wird die volle IP-Adresse an einen Server von Google in den USA \u00fcbertragen und dort gek\u00fcrzt. Im Auftrag des Betreibers dieser Website wird Google diese Informationen benutzen, um Ihre Nutzung der Website auszuwerten, um Reports \u00fcber die Websiteaktivit\u00e4ten zusammenzustellen und um weitere mit der Websitenutzung und der Internetnutzung verbundene Dienstleistungen gegen\u00fcber dem Websitebetreiber zu erbringen. Die im Rahmen von Google Analytics von Ihrem Browser \u00fcbermittelte IP-Adresse wird nicht mit anderen Daten von Google zusammengef\u00fchrt.<\/span><\/div><div>\u00a0<\/div><div><span class=\"cf1\"><span class=\"fs13\">Sie k\u00f6nnen die Speicherung der Cookies durch eine entsprechende Einstellung Ihrer Browser-Software verhindern; wir weisen Sie jedoch darauf hin, dass Sie in diesem Fall gegebenenfalls nicht s\u00e4mtliche Funktionen dieser Website vollumf\u00e4nglich werden nutzen k\u00f6nnen. Sie k\u00f6nnen dar\u00fcber hinaus die Erfassung der durch das Cookie erzeugten und auf Ihre Nutzung der Website bezogenen Daten (inkl. Ihrer IP-Adresse) an Google sowie die Verarbeitung dieser Daten durch Google verhindern, indem sie das unter dem folgenden Link verf\u00fcgbare Browser-Plugin herunterladen und installieren: <\/span><span class=\"fs13\">http:\/\/tools.google.com\/dlpage\/gaoptout?hl=de<\/span><\/span><\/div><div>\u00a0<\/div><div>\u00a0<\/div><div>\u00a0<\/div><div><b><span class=\"fs13 cf1\">Datenschutzerkl\u00e4rung f\u00fcr die Nutzung von Google +1<\/span><\/b><\/div><div>\u00a0<\/div><div><span class=\"cf1\"><span class=\"fs13\">Unsere Seiten nutzen Funktionen von Google +1. <\/span><span class=\"fs13\">Anbieter ist die Google Inc. 1600 Amphitheatre Parkway Mountain View, CA 94043, \u00a0USA.<\/span><\/span><\/div><div>\u00a0<\/div><div><span class=\"fs13 cf1\">Erfassung und Weitergabe von Informationen: Mithilfe der Google +1-Schaltfl\u00e4che k\u00f6nnen Sie Informationen weltweit ver\u00f6ffentlichen. \u00fcber die Google +1-Schaltfl\u00e4che erhalten Sie und andere Nutzer personalisierte Inhalte von Google und unseren Partnern. Google speichert sowohl die Information, dass Sie f\u00fcr einen Inhalt +1 gegeben haben, als auch Informationen \u00fcber die Seite, die Sie beim Klicken auf +1 angesehen haben. Ihre +1 k\u00f6nnen als Hinweise zusammen mit Ihrem Profilnamen und Ihrem Foto in Google-Diensten, wie etwa in Suchergebnissen oder in Ihrem Google-Profil, oder an anderen Stellen auf Websites und Anzeigen im Internet eingeblendet werden. Google zeichnet Informationen \u00fcber Ihre +1-Aktivit\u00e4ten auf, um die Google-Dienste f\u00fcr Sie und andere zu verbessern. Um die Google +1-Schaltfl\u00e4che verwenden zu k\u00f6nnen, ben\u00f6tigen Sie ein weltweit sichtbares, \u00f6ffentliches Google-Profil, das zumindest den f\u00fcr das Profil gew\u00e4hlten Namen enthalten muss. Dieser Name wird in allen Google-Diensten verwendet. In manchen F\u00e4llen kann dieser Name auch einen anderen Namen ersetzen, den Sie beim Teilen von Inhalten \u00fcber Ihr Google-Konto verwendet haben. Die Identit\u00e4t Ihres Google- Profils kann Nutzern angezeigt werden, die Ihre E-Mail-Adresse kennen oder \u00fcber andere identifizierende Informationen von Ihnen verf\u00fcgen.<\/span><\/div><div>\u00a0<\/div><div><span class=\"fs13 cf1\">Verwendung der erfassten Informationen: Neben den oben erl\u00e4uterten Verwendungszwecken werden die von Ihnen bereitgestellten Informationen gem\u00e4\u00df den geltenden Google-Datenschutzbestimmungen genutzt. Google ver\u00f6ffentlicht m\u00f6glicherweise zusammengefasste Statistiken \u00fcber die +1-Aktivit\u00e4ten der Nutzer bzw. gibt diese an Nutzer und Partner weiter, wie etwa Publisher, Inserenten oder verbundene Websites.<\/span><\/div>\t\t\t\t\t\t\t\t<\/div>\n\t\t\t\t<\/div>\n\t\t\t\t\t<\/div>\n\t\t\t\t<\/div>\n\t\t\t\t<\/div>","protected":false},"excerpt":{"rendered":"<p>1. Datenschutz auf einen Blick\u00a0\u00a0Allgemeine Hinweise\u00a0Die folgenden Hinweise geben einen einfachen \u00dcberblick dar\u00fcber, was mit Ihren personenbezogenen Daten passiert, wenn Sie unsere Website besuchen. Personenbezogene Daten sind alle Daten, mit denen Sie pers\u00f6nlich identifiziert werden k\u00f6nnen. Ausf\u00fchrliche Informationen zum Thema Datenschutz entnehmen Sie unserer unter diesem Text aufgef\u00fchrten Datenschutzerkl\u00e4rung.\u00a0\u00a0Datenerfassung auf unserer Website\u00a0\u00a0Wer ist verantwortlich f\u00fcr [&hellip;]<\/p>\n","protected":false},"author":1,"featured_media":0,"parent":0,"menu_order":0,"comment_status":"closed","ping_status":"closed","template":"","meta":{"ocean_post_layout":"full-screen","ocean_both_sidebars_style":"","ocean_both_sidebars_content_width":0,"ocean_both_sidebars_sidebars_width":0,"ocean_sidebar":"0","ocean_second_sidebar":"0","ocean_disable_margins":"enable","ocean_add_body_class":"","ocean_shortcode_before_top_bar":"","ocean_shortcode_after_top_bar":"","ocean_shortcode_before_header":"","ocean_shortcode_after_header":"","ocean_has_shortcode":"","ocean_shortcode_after_title":"","ocean_shortcode_before_footer_widgets":"","ocean_shortcode_after_footer_widgets":"","ocean_shortcode_before_footer_bottom":"","ocean_shortcode_after_footer_bottom":"","ocean_display_top_bar":"default","ocean_display_header":"default","ocean_header_style":"","ocean_center_header_left_menu":"0","ocean_custom_header_template":"0","ocean_custom_logo":0,"ocean_custom_retina_logo":0,"ocean_custom_logo_max_width":0,"ocean_custom_logo_tablet_max_width":0,"ocean_custom_logo_mobile_max_width":0,"ocean_custom_logo_max_height":0,"ocean_custom_logo_tablet_max_height":0,"ocean_custom_logo_mobile_max_height":0,"ocean_header_custom_menu":"0","ocean_menu_typo_font_family":"0","ocean_menu_typo_font_subset":"","ocean_menu_typo_font_size":0,"ocean_menu_typo_font_size_tablet":0,"ocean_menu_typo_font_size_mobile":0,"ocean_menu_typo_font_size_unit":"px","ocean_menu_typo_font_weight":"","ocean_menu_typo_font_weight_tablet":"","ocean_menu_typo_font_weight_mobile":"","ocean_menu_typo_transform":"","ocean_menu_typo_transform_tablet":"","ocean_menu_typo_transform_mobile":"","ocean_menu_typo_line_height":0,"ocean_menu_typo_line_height_tablet":0,"ocean_menu_typo_line_height_mobile":0,"ocean_menu_typo_line_height_unit":"","ocean_menu_typo_spacing":0,"ocean_menu_typo_spacing_tablet":0,"ocean_menu_typo_spacing_mobile":0,"ocean_menu_typo_spacing_unit":"","ocean_menu_link_color":"","ocean_menu_link_color_hover":"","ocean_menu_link_color_active":"","ocean_menu_link_background":"","ocean_menu_link_hover_background":"","ocean_menu_link_active_background":"","ocean_menu_social_links_bg":"","ocean_menu_social_hover_links_bg":"","ocean_menu_social_links_color":"","ocean_menu_social_hover_links_color":"","ocean_disable_title":"on","ocean_disable_heading":"default","ocean_post_title":"","ocean_post_subheading":"","ocean_post_title_style":"","ocean_post_title_background_color":"","ocean_post_title_background":0,"ocean_post_title_bg_image_position":"","ocean_post_title_bg_image_attachment":"","ocean_post_title_bg_image_repeat":"","ocean_post_title_bg_image_size":"","ocean_post_title_height":0,"ocean_post_title_bg_overlay":0.5,"ocean_post_title_bg_overlay_color":"","ocean_disable_breadcrumbs":"default","ocean_breadcrumbs_color":"","ocean_breadcrumbs_separator_color":"","ocean_breadcrumbs_links_color":"","ocean_breadcrumbs_links_hover_color":"","ocean_display_footer_widgets":"default","ocean_display_footer_bottom":"off","ocean_custom_footer_template":"0","footnotes":""},"class_list":["post-98","page","type-page","status-publish","hentry","entry"],"_links":{"self":[{"href":"https:\/\/racingteam-hofmann.de\/en\/wp-json\/wp\/v2\/pages\/98","targetHints":{"allow":["GET"]}}],"collection":[{"href":"https:\/\/racingteam-hofmann.de\/en\/wp-json\/wp\/v2\/pages"}],"about":[{"href":"https:\/\/racingteam-hofmann.de\/en\/wp-json\/wp\/v2\/types\/page"}],"author":[{"embeddable":true,"href":"https:\/\/racingteam-hofmann.de\/en\/wp-json\/wp\/v2\/users\/1"}],"replies":[{"embeddable":true,"href":"https:\/\/racingteam-hofmann.de\/en\/wp-json\/wp\/v2\/comments?post=98"}],"version-history":[{"count":4,"href":"https:\/\/racingteam-hofmann.de\/en\/wp-json\/wp\/v2\/pages\/98\/revisions"}],"predecessor-version":[{"id":1238,"href":"https:\/\/racingteam-hofmann.de\/en\/wp-json\/wp\/v2\/pages\/98\/revisions\/1238"}],"wp:attachment":[{"href":"https:\/\/racingteam-hofmann.de\/en\/wp-json\/wp\/v2\/media?parent=98"}],"curies":[{"name":"wp","href":"https:\/\/api.w.org\/{rel}","templated":true}]}}