{"id":9,"date":"2023-06-04T12:43:17","date_gmt":"2023-06-04T12:43:17","guid":{"rendered":"https:\/\/homepage-neu.racingteam-hofmann.de\/?page_id=9"},"modified":"2024-10-01T17:33:31","modified_gmt":"2024-10-01T17:33:31","slug":"kontakt-impressum","status":"publish","type":"page","link":"https:\/\/racingteam-hofmann.de\/en\/kontakt-impressum\/","title":{"rendered":"contact-imprint"},"content":{"rendered":"<div data-elementor-type=\"wp-page\" data-elementor-id=\"9\" class=\"elementor elementor-9\">\n\t\t\t\t<div class=\"elementor-element elementor-element-cf377eb e-flex e-con-boxed e-con e-parent\" data-id=\"cf377eb\" data-element_type=\"container\" data-e-type=\"container\">\n\t\t\t\t\t<div class=\"e-con-inner\">\n\t\t<div class=\"elementor-element elementor-element-fda8896 e-con-full e-flex e-con e-child\" data-id=\"fda8896\" data-element_type=\"container\" data-e-type=\"container\">\n\t\t\t\t<div class=\"elementor-element elementor-element-0498838 elementor-widget elementor-widget-text-editor\" data-id=\"0498838\" data-element_type=\"widget\" data-e-type=\"widget\" data-widget_type=\"text-editor.default\">\n\t\t\t\t<div class=\"elementor-widget-container\">\n\t\t\t\t\t\t\t\t\t<div id=\"imGroup_2\" class=\"imHGroup\"><div id=\"imGroup_3\" class=\"imHGroup\"><div id=\"imCell_2\"><div id=\"imCellStyle_2\" data-responsive-sequence-number=\"3\"><div id=\"imTextObject_2\"><div id=\"imTextObject_2_tab0\" class=\"text-tab-content\"><div class=\"text-inner\"><div><div><span class=\"cf1\">imprint<\/span><\/div><div>\u00a0<\/div><div><span class=\"cf1\">Racingteam-Hofmann<\/span><\/div><div><span class=\"cf1\">Reichswaldstr. 6<\/span><\/div><div><span class=\"cf1\">91227 Diepersdorf<\/span><\/div><div>\u00a0<\/div><div><span class=\"cf1\">phone \u00a0\u00a0\u00a0\u00a0+49 9120 181795<\/span><\/div><div><span class=\"cf1\">mobile +49 171 7583092<\/span><\/div><div><span class=\"cf1\">info@racingteam-hofmann.de<\/span><\/div><div>\u00a0<\/div><div><span class=\"cf1\">VAT ID No. DE 197 667 757<\/span><\/div><div>\u00a0<\/div><div><span class=\"cf1\">Responsible for the content (according to \u00a7 6 MDStV):<\/span><\/div><div><span class=\"cf1\">Peter Hofmann<\/span><\/div><div>\u00a0<\/div><div><span class=\"cf1\">Webmaster:<\/span><\/div><div><span class=\"cf1\">Isabel Sch\u00f6nh\u00f6fer<\/span><\/div><div>\u00a0<\/div><\/div><\/div><\/div><\/div><\/div><\/div><\/div><\/div><div id=\"imGroup_4\" class=\"imHGroup\"><div id=\"imCell_5\"><div id=\"imCellStyle_5\" data-responsive-sequence-number=\"5\"><div id=\"imTextObject_5\"><div id=\"imTextObject_5_tab0\" class=\"text-tab-content\"><div class=\"text-inner\"><p class=\"translation-block\">Sofern innerhalb des Internetangebotes die M\u00f6glichkeit zur Eingabe <\/span><span class=\"cf1\">pers\u00f6nlicher oder gesch\u00e4ftlicher Daten (E-Mail-Adressen, Namen, Anschriften) <\/span><span class=\"cf1\">besteht, so erfolgt die Preisgabe dieser Daten seitens des Nutzers auf ausdr\u00fccklich freiwilliger Basis.<\/p><div class=\"translation-block\">Names, addresses, email addresses and other personal information are used exclusively for contact between Racingteam Hofmann and the visitors to this website. This personal data will not be passed on to third parties.<\/div><div>\u00a0<\/div><div class=\"translation-block\">All persons named on this website hereby object to any commercial use and distribution of their data and images (see Section 28 BDSG).<\/div><div>\u00a0<\/div><div><span class=\"cf1\">Disclaimer<\/span><\/div><div class=\"translation-block\">All information, including in newsletters, is provided to the best of our knowledge and belief. There is no liability.<\/div><div>\u00a0<\/div><div><span class=\"cf1\">Disclaimer for links to external websites <\/span><\/div><div class=\"translation-block\">Despite careful selection of our links, we would like to point out that we have no influence on the design and text of the linked pages. For legal reasons, we hereby expressly distance ourselves from all content of the linked pages on this homepage.<\/div><\/div><\/div><\/div><\/div><\/div><\/div>\t\t\t\t\t\t\t\t<\/div>\n\t\t\t\t<\/div>\n\t\t\t\t<\/div>\n\t\t<div class=\"elementor-element elementor-element-d4a21f3 e-con-full e-flex e-con e-child\" data-id=\"d4a21f3\" data-element_type=\"container\" data-e-type=\"container\">\n\t\t<div class=\"elementor-element elementor-element-7bc4a76 e-flex e-con-boxed e-con e-child\" data-id=\"7bc4a76\" data-element_type=\"container\" data-e-type=\"container\">\n\t\t\t\t\t<div class=\"e-con-inner\">\n\t\t\t\t<div class=\"elementor-element elementor-element-29c9e58 elementor-widget elementor-widget-google_maps\" data-id=\"29c9e58\" data-element_type=\"widget\" data-e-type=\"widget\" data-widget_type=\"google_maps.default\">\n\t\t\t\t<div class=\"elementor-widget-container\">\n\t\t\t\t\t\t\t<div class=\"elementor-custom-embed\">\n\t\t\t<iframe loading=\"lazy\"\n\t\t\t\t\tsrc=\"https:\/\/maps.google.com\/maps?q=Racingteam-Hofmann%2C%20Reichswaldstr.%206%2C%2091227%20Leinburg&#038;t=m&#038;z=10&#038;output=embed&#038;iwloc=near\"\n\t\t\t\t\ttitle=\"Racingteam-Hofmann, Reichswaldstr. 6, 91227 Leinburg\"\n\t\t\t\t\taria-label=\"Racingteam-Hofmann, Reichswaldstr. 6, 91227 Leinburg\"\n\t\t\t><\/iframe>\n\t\t<\/div>\n\t\t\t\t\t\t<\/div>\n\t\t\t\t<\/div>\n\t\t\t\t\t<\/div>\n\t\t\t\t<\/div>\n\t\t<div class=\"elementor-element elementor-element-0af01e1 e-flex e-con-boxed e-con e-child\" data-id=\"0af01e1\" data-element_type=\"container\" data-e-type=\"container\">\n\t\t\t\t\t<div class=\"e-con-inner\">\n\t\t\t\t\t<\/div>\n\t\t\t\t<\/div>\n\t\t\t\t<\/div>\n\t\t\t\t\t<\/div>\n\t\t\t\t<\/div>\n\t\t\t\t<\/div>","protected":false},"excerpt":{"rendered":"<p>Impressum\u00a0Racingteam-HofmannReichswaldstr. 691227 Diepersdorf\u00a0Tel. \u00a0\u00a0\u00a0\u00a009120\/181795Mobil \u00a00171\/7583092info@racingteam-hofmann.de\u00a0UST-IdNr. DE 197 667 757\u00a0F\u00fcr den Inhalt verantwortlich (gem. \u00a7 6 MDStV):Peter Hofmann\u00a0Webmaster:Isabel Sch\u00f6nh\u00f6fer\u00a0 Sofern innerhalb des Internetangebotes die M\u00f6glichkeit zur Eingabe pers\u00f6nlicher oder gesch\u00e4ftlicher Daten (E-Mail-Adressen, Namen, Anschriften) besteht, so erfolgt die Preisgabe dieser Daten seitens des Nutzers auf ausdr\u00fccklich freiwilliger Basis. Namen, Anschriften, E-Mail-Adressen und weitere personenbezogene Angaben dienen [&hellip;]<\/p>\n","protected":false},"author":1,"featured_media":0,"parent":0,"menu_order":0,"comment_status":"closed","ping_status":"closed","template":"","meta":{"ocean_post_layout":"full-screen","ocean_both_sidebars_style":"","ocean_both_sidebars_content_width":0,"ocean_both_sidebars_sidebars_width":0,"ocean_sidebar":"0","ocean_second_sidebar":"0","ocean_disable_margins":"enable","ocean_add_body_class":"","ocean_shortcode_before_top_bar":"","ocean_shortcode_after_top_bar":"","ocean_shortcode_before_header":"","ocean_shortcode_after_header":"","ocean_has_shortcode":"","ocean_shortcode_after_title":"","ocean_shortcode_before_footer_widgets":"","ocean_shortcode_after_footer_widgets":"","ocean_shortcode_before_footer_bottom":"","ocean_shortcode_after_footer_bottom":"","ocean_display_top_bar":"default","ocean_display_header":"default","ocean_header_style":"","ocean_center_header_left_menu":"0","ocean_custom_header_template":"0","ocean_custom_logo":0,"ocean_custom_retina_logo":0,"ocean_custom_logo_max_width":0,"ocean_custom_logo_tablet_max_width":0,"ocean_custom_logo_mobile_max_width":0,"ocean_custom_logo_max_height":0,"ocean_custom_logo_tablet_max_height":0,"ocean_custom_logo_mobile_max_height":0,"ocean_header_custom_menu":"0","ocean_menu_typo_font_family":"0","ocean_menu_typo_font_subset":"","ocean_menu_typo_font_size":0,"ocean_menu_typo_font_size_tablet":0,"ocean_menu_typo_font_size_mobile":0,"ocean_menu_typo_font_size_unit":"px","ocean_menu_typo_font_weight":"","ocean_menu_typo_font_weight_tablet":"","ocean_menu_typo_font_weight_mobile":"","ocean_menu_typo_transform":"","ocean_menu_typo_transform_tablet":"","ocean_menu_typo_transform_mobile":"","ocean_menu_typo_line_height":0,"ocean_menu_typo_line_height_tablet":0,"ocean_menu_typo_line_height_mobile":0,"ocean_menu_typo_line_height_unit":"","ocean_menu_typo_spacing":0,"ocean_menu_typo_spacing_tablet":0,"ocean_menu_typo_spacing_mobile":0,"ocean_menu_typo_spacing_unit":"","ocean_menu_link_color":"","ocean_menu_link_color_hover":"","ocean_menu_link_color_active":"","ocean_menu_link_background":"","ocean_menu_link_hover_background":"","ocean_menu_link_active_background":"","ocean_menu_social_links_bg":"","ocean_menu_social_hover_links_bg":"","ocean_menu_social_links_color":"","ocean_menu_social_hover_links_color":"","ocean_disable_title":"on","ocean_disable_heading":"default","ocean_post_title":"","ocean_post_subheading":"","ocean_post_title_style":"","ocean_post_title_background_color":"","ocean_post_title_background":0,"ocean_post_title_bg_image_position":"","ocean_post_title_bg_image_attachment":"","ocean_post_title_bg_image_repeat":"","ocean_post_title_bg_image_size":"","ocean_post_title_height":0,"ocean_post_title_bg_overlay":0.5,"ocean_post_title_bg_overlay_color":"","ocean_disable_breadcrumbs":"default","ocean_breadcrumbs_color":"","ocean_breadcrumbs_separator_color":"","ocean_breadcrumbs_links_color":"","ocean_breadcrumbs_links_hover_color":"","ocean_display_footer_widgets":"default","ocean_display_footer_bottom":"off","ocean_custom_footer_template":"0","footnotes":""},"class_list":["post-9","page","type-page","status-publish","hentry","entry"],"_links":{"self":[{"href":"https:\/\/racingteam-hofmann.de\/en\/wp-json\/wp\/v2\/pages\/9","targetHints":{"allow":["GET"]}}],"collection":[{"href":"https:\/\/racingteam-hofmann.de\/en\/wp-json\/wp\/v2\/pages"}],"about":[{"href":"https:\/\/racingteam-hofmann.de\/en\/wp-json\/wp\/v2\/types\/page"}],"author":[{"embeddable":true,"href":"https:\/\/racingteam-hofmann.de\/en\/wp-json\/wp\/v2\/users\/1"}],"replies":[{"embeddable":true,"href":"https:\/\/racingteam-hofmann.de\/en\/wp-json\/wp\/v2\/comments?post=9"}],"version-history":[{"count":25,"href":"https:\/\/racingteam-hofmann.de\/en\/wp-json\/wp\/v2\/pages\/9\/revisions"}],"predecessor-version":[{"id":1056,"href":"https:\/\/racingteam-hofmann.de\/en\/wp-json\/wp\/v2\/pages\/9\/revisions\/1056"}],"wp:attachment":[{"href":"https:\/\/racingteam-hofmann.de\/en\/wp-json\/wp\/v2\/media?parent=9"}],"curies":[{"name":"wp","href":"https:\/\/api.w.org\/{rel}","templated":true}]}}