{"id":734,"date":"2023-11-07T22:07:20","date_gmt":"2023-11-07T22:07:20","guid":{"rendered":"https:\/\/homepage-neu.racingteam-hofmann.de\/?page_id=734"},"modified":"2023-11-07T22:13:46","modified_gmt":"2023-11-07T22:13:46","slug":"felgendeckel-original-bbs","status":"publish","type":"page","link":"https:\/\/racingteam-hofmann.de\/en\/felgendeckel-original-bbs\/","title":{"rendered":"Felgendeckel original BBS"},"content":{"rendered":"<div data-elementor-type=\"wp-page\" data-elementor-id=\"734\" class=\"elementor elementor-734\">\n\t\t\t\t<div class=\"elementor-element elementor-element-1b0366d e-flex e-con-boxed e-con e-parent\" data-id=\"1b0366d\" data-element_type=\"container\">\n\t\t\t\t\t<div class=\"e-con-inner\">\n\t\t\t\t<div class=\"elementor-element elementor-element-051cf34 elementor-widget elementor-widget-heading\" data-id=\"051cf34\" data-element_type=\"widget\" data-widget_type=\"heading.default\">\n\t\t\t\t<div class=\"elementor-widget-container\">\n\t\t\t\t\t<h2 class=\"elementor-heading-title elementor-size-large\">Felgendeckel original BBS<\/h2>\t\t\t\t<\/div>\n\t\t\t\t<\/div>\n\t\t\t\t\t<\/div>\n\t\t\t\t<\/div>\n\t\t<div class=\"elementor-element elementor-element-7482b65 e-flex e-con-boxed e-con e-parent\" data-id=\"7482b65\" data-element_type=\"container\">\n\t\t\t\t\t<div class=\"e-con-inner\">\n\t\t\t\t<div class=\"elementor-element elementor-element-d6bb365 elementor-widget elementor-widget-text-editor\" data-id=\"d6bb365\" data-element_type=\"widget\" data-widget_type=\"text-editor.default\">\n\t\t\t\t<div class=\"elementor-widget-container\">\n\t\t\t\t\t\t\t\t\t<p style=\"text-align: center;\"><span class=\"cf1\">Diese original BBS Felgendeckel sind passend f\u00fcr alle BBS RS oder RM Felgen. <\/span><\/p><div style=\"text-align: center;\"><span class=\"cf1\">\u00a0Geben Sie uns bei Anfragen oder Bestellung an, f\u00fcr welche BBS Felge die Felgendeckel sein sollen, denn es gibt verschiedene Gr\u00f6\u00dfen<br \/>\u00a0\u00a0\u00a0\u00a0RS kleines Gewinde &#8211; RS gro\u00dfes Gewinde &#8211; \u00a0RM zum Stecken<br \/>\u00a0\u00a0\u00a0\u00a0or a complete BBS-center-cap-set. <a class=\"imCssLink\" href=\"https:\/\/racingteam-hofmann.de\/en\/felgendeckel-original-bbs.html\/#Set\">BBS-Felgendeckel-Set<\/a><\/span><\/div>\t\t\t\t\t\t\t\t<\/div>\n\t\t\t\t<\/div>\n\t\t\t\t\t<\/div>\n\t\t\t\t<\/div>\n\t\t<div class=\"elementor-element elementor-element-86d2802 e-flex e-con-boxed e-con e-parent\" data-id=\"86d2802\" data-element_type=\"container\">\n\t\t\t\t\t<div class=\"e-con-inner\">\n\t\t<div class=\"elementor-element elementor-element-9276159 e-con-full e-flex e-con e-child\" data-id=\"9276159\" data-element_type=\"container\">\n\t\t\t\t<div class=\"elementor-element elementor-element-7fe62e4 elementor-widget elementor-widget-image\" data-id=\"7fe62e4\" data-element_type=\"widget\" data-widget_type=\"image.default\">\n\t\t\t\t<div class=\"elementor-widget-container\">\n\t\t\t\t\t\t\t\t\t\t\t\t<figure class=\"wp-caption\">\n\t\t\t\t\t\t\t\t\t\t<img fetchpriority=\"high\" decoding=\"async\" width=\"463\" height=\"347\" src=\"https:\/\/racingteam-hofmann.de\/wp-content\/uploads\/2023\/11\/rs_w_gross_bbs_schraeg_fj7p7zv3.png\" class=\"attachment-large size-large wp-image-579\" alt=\"\" srcset=\"https:\/\/racingteam-hofmann.de\/wp-content\/uploads\/2023\/11\/rs_w_gross_bbs_schraeg_fj7p7zv3.png 463w, https:\/\/racingteam-hofmann.de\/wp-content\/uploads\/2023\/11\/rs_w_gross_bbs_schraeg_fj7p7zv3-300x225.png 300w\" sizes=\"(max-width: 463px) 100vw, 463px\" \/>\t\t\t\t\t\t\t\t\t\t\t<figcaption class=\"widget-image-caption wp-caption-text\"> original BBS-sechskant-Felgendeckel passend f\u00fcr BBS RS Felgen mit gro\u00dfem Gewinde<\/figcaption>\n\t\t\t\t\t\t\t\t\t\t<\/figure>\n\t\t\t\t\t\t\t\t\t<\/div>\n\t\t\t\t<\/div>\n\t\t\t\t<\/div>\n\t\t<div class=\"elementor-element elementor-element-dc1fded e-con-full e-flex e-con e-child\" data-id=\"dc1fded\" data-element_type=\"container\">\n\t\t\t\t<div class=\"elementor-element elementor-element-09a5c4d elementor-widget elementor-widget-image\" data-id=\"09a5c4d\" data-element_type=\"widget\" data-widget_type=\"image.default\">\n\t\t\t\t<div class=\"elementor-widget-container\">\n\t\t\t\t\t\t\t\t\t\t\t\t<figure class=\"wp-caption\">\n\t\t\t\t\t\t\t\t\t\t<img decoding=\"async\" width=\"463\" height=\"347\" src=\"https:\/\/racingteam-hofmann.de\/wp-content\/uploads\/2023\/11\/rs_w_klein_bbs_schraeg_drauf_v4pw71vg.png\" class=\"attachment-large size-large wp-image-743\" alt=\"\" srcset=\"https:\/\/racingteam-hofmann.de\/wp-content\/uploads\/2023\/11\/rs_w_klein_bbs_schraeg_drauf_v4pw71vg.png 463w, https:\/\/racingteam-hofmann.de\/wp-content\/uploads\/2023\/11\/rs_w_klein_bbs_schraeg_drauf_v4pw71vg-300x225.png 300w\" sizes=\"(max-width: 463px) 100vw, 463px\" \/>\t\t\t\t\t\t\t\t\t\t\t<figcaption class=\"widget-image-caption wp-caption-text\"> original BBS-sechskant-Felgendeckel passend f\u00fcr BBS RS Felgen mit kleinem Gewinde<\/figcaption>\n\t\t\t\t\t\t\t\t\t\t<\/figure>\n\t\t\t\t\t\t\t\t\t<\/div>\n\t\t\t\t<\/div>\n\t\t\t\t<\/div>\n\t\t<div class=\"elementor-element elementor-element-3693b6c e-con-full e-flex e-con e-child\" data-id=\"3693b6c\" data-element_type=\"container\">\n\t\t\t\t<div class=\"elementor-element elementor-element-46c1e85 elementor-widget elementor-widget-image\" data-id=\"46c1e85\" data-element_type=\"widget\" data-widget_type=\"image.default\">\n\t\t\t\t<div class=\"elementor-widget-container\">\n\t\t\t\t\t\t\t\t\t\t\t\t<figure class=\"wp-caption\">\n\t\t\t\t\t\t\t\t\t\t<img decoding=\"async\" width=\"463\" height=\"347\" src=\"https:\/\/racingteam-hofmann.de\/wp-content\/uploads\/2023\/11\/rm_w_bbs_schraeg_frs4h866.png\" class=\"attachment-large size-large wp-image-742\" alt=\"\" srcset=\"https:\/\/racingteam-hofmann.de\/wp-content\/uploads\/2023\/11\/rm_w_bbs_schraeg_frs4h866.png 463w, https:\/\/racingteam-hofmann.de\/wp-content\/uploads\/2023\/11\/rm_w_bbs_schraeg_frs4h866-300x225.png 300w\" sizes=\"(max-width: 463px) 100vw, 463px\" \/>\t\t\t\t\t\t\t\t\t\t\t<figcaption class=\"widget-image-caption wp-caption-text\"> original BBS-sechskant-Felgendeckel passend f\u00fcr BBS RM Felgen zum Stecken<\/figcaption>\n\t\t\t\t\t\t\t\t\t\t<\/figure>\n\t\t\t\t\t\t\t\t\t<\/div>\n\t\t\t\t<\/div>\n\t\t\t\t<\/div>\n\t\t\t\t\t<\/div>\n\t\t\t\t<\/div>\n\t\t<div class=\"elementor-element elementor-element-d384b44 e-flex e-con-boxed e-con e-parent\" data-id=\"d384b44\" data-element_type=\"container\">\n\t\t\t\t\t<div class=\"e-con-inner\">\n\t\t<div class=\"elementor-element elementor-element-8ba0a89 e-con-full e-flex e-con e-child\" data-id=\"8ba0a89\" data-element_type=\"container\">\n\t\t\t\t<\/div>\n\t\t<div class=\"elementor-element elementor-element-ce81854 e-con-full e-flex e-con e-child\" data-id=\"ce81854\" data-element_type=\"container\">\n\t\t\t\t<\/div>\n\t\t<div class=\"elementor-element elementor-element-9318326 e-con-full e-flex e-con e-child\" data-id=\"9318326\" data-element_type=\"container\">\n\t\t\t\t<\/div>\n\t\t\t\t\t<\/div>\n\t\t\t\t<\/div>\n\t\t\t\t<\/div>","protected":false},"excerpt":{"rendered":"<p>Felgendeckel original BBS Diese original BBS Felgendeckel sind passend f\u00fcr alle BBS RS oder RM Felgen. \u00a0Geben Sie uns bei Anfragen oder Bestellung an, f\u00fcr welche BBS Felge die Felgendeckel sein sollen, denn es gibt verschiedene Gr\u00f6\u00dfen\u00a0\u00a0\u00a0\u00a0RS kleines Gewinde &#8211; RS gro\u00dfes Gewinde &#8211; \u00a0RM zum Stecken\u00a0\u00a0\u00a0\u00a0oder ein komplettes BBS-Felgendeckel-Set original BBS-sechskant-Felgendeckel passend f\u00fcr BBS [&hellip;]<\/p>","protected":false},"author":1,"featured_media":0,"parent":0,"menu_order":0,"comment_status":"closed","ping_status":"closed","template":"","meta":{"ocean_post_layout":"full-screen","ocean_both_sidebars_style":"","ocean_both_sidebars_content_width":0,"ocean_both_sidebars_sidebars_width":0,"ocean_sidebar":"","ocean_second_sidebar":"","ocean_disable_margins":"enable","ocean_add_body_class":"","ocean_shortcode_before_top_bar":"","ocean_shortcode_after_top_bar":"","ocean_shortcode_before_header":"","ocean_shortcode_after_header":"","ocean_has_shortcode":"","ocean_shortcode_after_title":"","ocean_shortcode_before_footer_widgets":"","ocean_shortcode_after_footer_widgets":"","ocean_shortcode_before_footer_bottom":"","ocean_shortcode_after_footer_bottom":"","ocean_display_top_bar":"default","ocean_display_header":"default","ocean_header_style":"","ocean_center_header_left_menu":"","ocean_custom_header_template":"","ocean_custom_logo":0,"ocean_custom_retina_logo":0,"ocean_custom_logo_max_width":0,"ocean_custom_logo_tablet_max_width":0,"ocean_custom_logo_mobile_max_width":0,"ocean_custom_logo_max_height":0,"ocean_custom_logo_tablet_max_height":0,"ocean_custom_logo_mobile_max_height":0,"ocean_header_custom_menu":"","ocean_menu_typo_font_family":"","ocean_menu_typo_font_subset":"","ocean_menu_typo_font_size":0,"ocean_menu_typo_font_size_tablet":0,"ocean_menu_typo_font_size_mobile":0,"ocean_menu_typo_font_size_unit":"px","ocean_menu_typo_font_weight":"","ocean_menu_typo_font_weight_tablet":"","ocean_menu_typo_font_weight_mobile":"","ocean_menu_typo_transform":"","ocean_menu_typo_transform_tablet":"","ocean_menu_typo_transform_mobile":"","ocean_menu_typo_line_height":0,"ocean_menu_typo_line_height_tablet":0,"ocean_menu_typo_line_height_mobile":0,"ocean_menu_typo_line_height_unit":"","ocean_menu_typo_spacing":0,"ocean_menu_typo_spacing_tablet":0,"ocean_menu_typo_spacing_mobile":0,"ocean_menu_typo_spacing_unit":"","ocean_menu_link_color":"","ocean_menu_link_color_hover":"","ocean_menu_link_color_active":"","ocean_menu_link_background":"","ocean_menu_link_hover_background":"","ocean_menu_link_active_background":"","ocean_menu_social_links_bg":"","ocean_menu_social_hover_links_bg":"","ocean_menu_social_links_color":"","ocean_menu_social_hover_links_color":"","ocean_disable_title":"on","ocean_disable_heading":"default","ocean_post_title":"","ocean_post_subheading":"","ocean_post_title_style":"","ocean_post_title_background_color":"","ocean_post_title_background":0,"ocean_post_title_bg_image_position":"","ocean_post_title_bg_image_attachment":"","ocean_post_title_bg_image_repeat":"","ocean_post_title_bg_image_size":"","ocean_post_title_height":0,"ocean_post_title_bg_overlay":0.5,"ocean_post_title_bg_overlay_color":"","ocean_disable_breadcrumbs":"default","ocean_breadcrumbs_color":"","ocean_breadcrumbs_separator_color":"","ocean_breadcrumbs_links_color":"","ocean_breadcrumbs_links_hover_color":"","ocean_display_footer_widgets":"default","ocean_display_footer_bottom":"off","ocean_custom_footer_template":"","footnotes":""},"class_list":["post-734","page","type-page","status-publish","hentry","entry"],"_links":{"self":[{"href":"https:\/\/racingteam-hofmann.de\/en\/wp-json\/wp\/v2\/pages\/734","targetHints":{"allow":["GET"]}}],"collection":[{"href":"https:\/\/racingteam-hofmann.de\/en\/wp-json\/wp\/v2\/pages"}],"about":[{"href":"https:\/\/racingteam-hofmann.de\/en\/wp-json\/wp\/v2\/types\/page"}],"author":[{"embeddable":true,"href":"https:\/\/racingteam-hofmann.de\/en\/wp-json\/wp\/v2\/users\/1"}],"replies":[{"embeddable":true,"href":"https:\/\/racingteam-hofmann.de\/en\/wp-json\/wp\/v2\/comments?post=734"}],"version-history":[{"count":14,"href":"https:\/\/racingteam-hofmann.de\/en\/wp-json\/wp\/v2\/pages\/734\/revisions"}],"predecessor-version":[{"id":1248,"href":"https:\/\/racingteam-hofmann.de\/en\/wp-json\/wp\/v2\/pages\/734\/revisions\/1248"}],"wp:attachment":[{"href":"https:\/\/racingteam-hofmann.de\/en\/wp-json\/wp\/v2\/media?parent=734"}],"curies":[{"name":"wp","href":"https:\/\/api.w.org\/{rel}","templated":true}]}}